{"id":345,"date":"2023-02-23T11:33:02","date_gmt":"2023-02-23T08:33:02","guid":{"rendered":"https:\/\/www.2023.drburakakan.com\/contact\/"},"modified":"2024-01-02T09:36:56","modified_gmt":"2024-01-02T06:36:56","slug":"iletisim","status":"publish","type":"page","link":"https:\/\/www.drburakakan.com\/tr\/iletisim\/","title":{"rendered":"\u0130leti\u015fim"},"content":{"rendered":"\t\t<div data-elementor-type=\"wp-page\" data-elementor-id=\"345\" class=\"elementor elementor-345 elementor-56\">\n\t\t\t\t\t\t\t\t\t<section class=\"elementor-section elementor-top-section elementor-element elementor-element-46fb56af pbmit-col-stretched-none pbmit-cursor-color-blackish-color pbmit-bg-color-over-image elementor-section-boxed elementor-section-height-default elementor-section-height-default\" data-id=\"46fb56af\" data-element_type=\"section\">\n\t\t\t\t\t\t<div class=\"elementor-container elementor-column-gap-no\">\n\t\t\t\t\t<div class=\"elementor-column elementor-col-50 elementor-top-column elementor-element elementor-element-1adb8df5 pbmit-bg-color-over-image\" data-id=\"1adb8df5\" data-element_type=\"column\">\n\t\t\t<div class=\"elementor-widget-wrap elementor-element-populated\">\n\t\t\t\t\t\t\t\t<div class=\"elementor-element elementor-element-55596cc3 pbmit-align-left elementor-widget elementor-widget-pbmit_heading\" data-id=\"55596cc3\" data-element_type=\"widget\" data-widget_type=\"pbmit_heading.default\">\n\t\t\t\t<div class=\"elementor-widget-container\">\n\t\t\t\t<div class=\"pbmit-heading-subheading \"><h2 class=\"pbmit-element-title\">\r\n\t\t\t\r\n\t\t\t\t\u0130leti\u015fime ge\u00e7mek i\u00e7in,\nl\u00fctfen formu doldurun.\r\n\t\t\t\r\n\t\t\t<\/h2>\r\n\t\t<div class=\"pbmit-heading-desc\">\u00d6zel hastalar\u0131m\u0131z, uluslararas\u0131 kurulu\u015flar ve kurumsal firmalar, profesyonel ve g\u00fcvenilir hizmet anlay\u0131\u015f\u0131m\u0131zla g\u00fcven i\u00e7inde ili\u015fkilerini s\u00fcrd\u00fcrmektedirler.<\/div><\/div>\t\t<\/div>\n\t\t\t\t<\/div>\n\t\t\t\t<div class=\"elementor-element elementor-element-17b280ca elementor-widget elementor-widget-shortcode\" data-id=\"17b280ca\" data-element_type=\"widget\" data-widget_type=\"shortcode.default\">\n\t\t\t\t<div class=\"elementor-widget-container\">\n\t\t\t\t\t<div class=\"elementor-shortcode\">\n<div class=\"wpcf7 no-js\" id=\"wpcf7-f962-o1\" lang=\"en-US\" dir=\"ltr\" data-wpcf7-id=\"962\">\n<div class=\"screen-reader-response\"><p role=\"status\" aria-live=\"polite\" aria-atomic=\"true\"><\/p> <ul><\/ul><\/div>\n<form action=\"\/tr\/wp-json\/wp\/v2\/pages\/345#wpcf7-f962-o1\" method=\"post\" class=\"wpcf7-form init\" aria-label=\"Contact form\" novalidate=\"novalidate\" data-status=\"init\">\n<div style=\"display: none;\">\n<input type=\"hidden\" name=\"_wpcf7\" value=\"962\" \/>\n<input type=\"hidden\" name=\"_wpcf7_version\" value=\"6.0.3\" \/>\n<input type=\"hidden\" name=\"_wpcf7_locale\" value=\"en_US\" \/>\n<input type=\"hidden\" name=\"_wpcf7_unit_tag\" value=\"wpcf7-f962-o1\" \/>\n<input type=\"hidden\" name=\"_wpcf7_container_post\" value=\"0\" \/>\n<input type=\"hidden\" name=\"_wpcf7_posted_data_hash\" value=\"\" \/>\n<\/div>\n<div class=\"pbmit-form Pbmit-contact-form\">\n\t<div class=\"row\">\n\t\t<div class=\"col-sm-12 col-md-6\">\n\t\t\t<div class=\"input-group\">\n\t\t\t\t<p><span class=\"wpcf7-form-control-wrap\" data-name=\"first-name\"><input size=\"40\" maxlength=\"400\" class=\"wpcf7-form-control wpcf7-text wpcf7-validates-as-required\" aria-required=\"true\" aria-invalid=\"false\" placeholder=\"Ad\u0131n\u0131z*\" value=\"\" type=\"text\" name=\"first-name\" \/><\/span>\n\t\t\t\t<\/p>\n\t\t\t<\/div>\n\t\t<\/div>\n\t\t<div class=\"col-sm-12 col-md-6\">\n\t\t\t<div class=\"input-group\">\n\t\t\t\t<p><span class=\"wpcf7-form-control-wrap\" data-name=\"surname\"><input size=\"40\" maxlength=\"400\" class=\"wpcf7-form-control wpcf7-text wpcf7-validates-as-required\" aria-required=\"true\" aria-invalid=\"false\" placeholder=\"Soyad\u0131n\u0131z*\" value=\"\" type=\"text\" name=\"surname\" \/><\/span>\n\t\t\t\t<\/p>\n\t\t\t<\/div>\n\t\t<\/div>\n\t\t<div class=\"col-sm-12\">\n\t\t\t<div class=\"input-group\">\n\t\t\t\t<p><span class=\"wpcf7-form-control-wrap\" data-name=\"your-email\"><input size=\"40\" maxlength=\"400\" class=\"wpcf7-form-control wpcf7-email wpcf7-validates-as-required wpcf7-text wpcf7-validates-as-email\" aria-required=\"true\" aria-invalid=\"false\" placeholder=\"Email*\" value=\"\" type=\"email\" name=\"your-email\" \/><\/span>\n\t\t\t\t<\/p>\n\t\t\t<\/div>\n\t\t<\/div>\n\t\t<div class=\"col-sm-12\">\n\t\t\t<div class=\"input-group\">\n\t\t\t\t<p><span class=\"wpcf7-form-control-wrap\" data-name=\"number-825\"><input class=\"wpcf7-form-control wpcf7-number wpcf7-validates-as-number\" aria-invalid=\"false\" placeholder=\"Telefon\" value=\"\" type=\"number\" name=\"number-825\" \/><\/span>\n\t\t\t\t<\/p>\n\t\t\t<\/div>\n\t\t<\/div>\n\t\t<div class=\"col-sm-12\">\n\t\t\t<div class=\"input-group\">\n\t\t\t\t<p><span class=\"wpcf7-form-control-wrap\" data-name=\"radio-383\"><span class=\"wpcf7-form-control wpcf7-radio\"><span class=\"wpcf7-list-item first\"><label><input type=\"radio\" name=\"radio-383\" value=\"Genel Bilgi &amp; Talep\" checked=\"checked\" \/><span class=\"wpcf7-list-item-label\">Genel Bilgi &amp; Talep<\/span><\/label><\/span><span class=\"wpcf7-list-item last\"><label><input type=\"radio\" name=\"radio-383\" value=\"Randevu Talebi\" \/><span class=\"wpcf7-list-item-label\">Randevu Talebi<\/span><\/label><\/span><\/span><\/span>\n\t\t\t\t<\/p>\n\t\t\t<\/div>\n\t\t<\/div>\n\t\t<div class=\"col-sm-12\">\n\t\t\t<div class=\"input-group\">\n\t\t\t\t<p><span class=\"wpcf7-form-control-wrap\" data-name=\"textarea-18\"><textarea cols=\"40\" rows=\"10\" maxlength=\"2000\" class=\"wpcf7-form-control wpcf7-textarea\" aria-invalid=\"false\" placeholder=\"\u0130letiniz\" name=\"textarea-18\"><\/textarea><\/span>\n\t\t\t\t<\/p>\n\t\t\t<\/div>\n\t\t<\/div>\n\t<\/div>\n\t<div class=\"col-sm-12\">\n\t\t<div class=\"input-button\">\n\t\t\t<p><button id='submit' class='wpcf7-form-control wpcf7-submit'><span class=\"pbmit-button-wrapper\"><span class=\"pbmit-button-text\">G\u00f6nder<\/span><\/span><\/button>\n\t\t\t<\/p>\n\t\t<\/div>\n\t<\/div>\n<\/div><div class=\"wpcf7-response-output\" aria-hidden=\"true\"><\/div>\n<\/form>\n<\/div>\n<\/div>\n\t\t\t\t<\/div>\n\t\t\t\t<\/div>\n\t\t\t\t\t<\/div>\n\t\t<\/div>\n\t\t\t\t<div class=\"elementor-column elementor-col-50 elementor-top-column elementor-element elementor-element-5faec31 pbmit-bg-color-yes pbmit-elementor-bg-color-blackish pbmit-text-color-white pbmit-bg-image-over-color\" data-id=\"5faec31\" data-element_type=\"column\" data-settings=\"{&quot;background_background&quot;:&quot;classic&quot;}\">\n\t\t\t<div class=\"elementor-widget-wrap elementor-element-populated\">\n\t\t\t\t\t\t\t\t<div class=\"elementor-element elementor-element-7e7f98ae pbmit-align-left elementor-widget elementor-widget-pbmit_custom_heading\" data-id=\"7e7f98ae\" data-element_type=\"widget\" data-widget_type=\"pbmit_custom_heading.default\">\n\t\t\t\t<div class=\"elementor-widget-container\">\n\t\t\t\t<div class=\"pbmit-custom-heading left\"><h2 class=\"pbmit-element-title\">\r\n\t\t\t\r\n\t\t\t\t\u00c7al\u0131\u015fma Saatleri\r\n\t\t\t\r\n\t\t\t<\/h2>\r\n\t\t<\/div>\t\t<\/div>\n\t\t\t\t<\/div>\n\t\t\t\t<div class=\"elementor-element elementor-element-7d3795c4 elementor-widget elementor-widget-html\" data-id=\"7d3795c4\" data-element_type=\"widget\" data-widget_type=\"html.default\">\n\t\t\t\t<div class=\"elementor-widget-container\">\n\t\t\t<div class=\"pbmit-timelist-ele-wrapper\">\r\n\t<div class=\"pbmit-timelist-wrapper\">\r\n\t\t<ul class=\"pbmit-timelist-list\">\r\n\t\t\t<li><span class=\"pbmit-timelist-li-title\">Pazartesi:<\/span><span class=\"pbmit-timelist-li-value\">09:00am - 19:00pm<\/span><\/li>\r\n\t\t\t<li><span class=\"pbmit-timelist-li-title\">Sal\u0131:<\/span><span class=\"pbmit-timelist-li-value\">09:00am - 19:00pm<\/span><\/li>\r\n\t\t\t<li><span class=\"pbmit-timelist-li-title\">\u00c7ar\u015famba:<\/span><span class=\"pbmit-timelist-li-value\">09:00am - 19:00pm<\/span><\/li>\r\n\t\t\t<li><span class=\"pbmit-timelist-li-title\">Per\u015fembe :<\/span><span class=\"pbmit-timelist-li-value\">09:00am - 19:00pm<\/span><\/li>\r\n\t\t\t<li><span class=\"pbmit-timelist-li-title\">Cuma:<\/span><span class=\"pbmit-timelist-li-value\">09:00am - 19:00pm<\/span><\/li>\r\n\t\t\t<li><span class=\"pbmit-timelist-li-title\">Cumartesi:<\/span><span class=\"pbmit-timelist-li-value\">09:00am - 19:00pm<\/span><\/li>\r\n\t\t\t<li><span class=\"pbmit-timelist-li-title\">Pazar:<\/span><span class=\"pbmit-timelist-li-value\">Closed<\/span><\/li>\r\n\t\t<\/ul>\r\n\t<\/div>\r\n<\/div>\t\t<\/div>\n\t\t\t\t<\/div>\n\t\t\t\t<div class=\"elementor-element elementor-element-124066dc elementor-widget elementor-widget-pbmit_icon_heading\" data-id=\"124066dc\" data-element_type=\"widget\" data-widget_type=\"pbmit_icon_heading.default\">\n\t\t\t\t<div class=\"elementor-widget-container\">\n\t\t\t<div class=\"pbmit-ihbox pbmit-ihbox-style-12\"><div class=\"pbmit-ihbox-title\">\r\n\t<div class=\"pbmit-ihbox-box\">\r\n\t\t<div class=\"pbmit-ihbox-icon\"><div class=\"pbmit-ihbox-icon-wrapper\"><div class=\"pbmit-icon-wrapper pbmit-icon-type-icon\"><i class=\"pbmit-docmet-icon pbmit-docmet-icon-siren\"><\/i><\/div><\/div><\/div>\t\t\t<\/div>\r\n\t<div class=\"pbmit-ihbox-titlebox\">\r\n\t\t<h4 class=\"pbmit-element-heading\">\r\n\t\t\t\t\t\r\n\t\t\t\t\t\tAcil Durumlarda\r\n\t\t\t\t\t\r\n\t\t\t\t\t<\/h4>\r\n\t\t\t\t\t\t<h2 class=\"pbmit-element-title\">\r\n\t\t\t\t\t\r\n\t\t\t\t\t\t+90 505 502 53 27\r\n\t\t\t\t\t\r\n\t\t\t\t\t<\/h2>\r\n\t\t\t\t\t<\/div>\r\n<\/div>\r\n<div class=\"pbmit-ihbox-contents\">\r\n\t\t<\/div><\/div>\t\t<\/div>\n\t\t\t\t<\/div>\n\t\t\t\t\t<\/div>\n\t\t<\/div>\n\t\t\t\t\t\t\t<\/div>\n\t\t<\/section>\n\t\t\t\t<section class=\"elementor-section elementor-top-section elementor-element elementor-element-f3ffa2a pbmit-col-stretched-none pbmit-cursor-color-blackish-color pbmit-bg-color-over-image elementor-section-boxed elementor-section-height-default elementor-section-height-default\" data-id=\"f3ffa2a\" data-element_type=\"section\">\n\t\t\t\t\t\t<div class=\"elementor-container elementor-column-gap-no\">\n\t\t\t\t\t<div class=\"elementor-column elementor-col-33 elementor-top-column elementor-element elementor-element-3ff8df5 pbmit-bg-color-over-image\" data-id=\"3ff8df5\" data-element_type=\"column\">\n\t\t\t<div class=\"elementor-widget-wrap elementor-element-populated\">\n\t\t\t\t\t\t\t\t<div class=\"elementor-element elementor-element-9873f2a elementor-widget elementor-widget-pbmit_icon_heading\" data-id=\"9873f2a\" data-element_type=\"widget\" data-widget_type=\"pbmit_icon_heading.default\">\n\t\t\t\t<div class=\"elementor-widget-container\">\n\t\t\t<div class=\"pbmit-ihbox pbmit-ihbox-style-8\"><div class=\"pbmit-ihbox-title\">\r\n\t<div class=\"pbmit-ihbox-box\">\r\n\t\t<div class=\"pbmit-ihbox-icon\"><div class=\"pbmit-ihbox-icon-wrapper\"><div class=\"pbmit-icon-wrapper pbmit-icon-type-icon\"><i class=\"pbmit-docmet-icon pbmit-docmet-icon-pin\"><\/i><\/div><\/div><\/div>\t\t\t<\/div>\r\n\t<div class=\"pbmit-ihbox-titlebox\">\r\n\t\t<h4 class=\"pbmit-element-heading\">\r\n\t\t\t\t\t\r\n\t\t\t\t\t\tADRES\r\n\t\t\t\t\t\r\n\t\t\t\t\t<\/h4>\r\n\t\t\t\t\t\t<h2 class=\"pbmit-element-title\">\r\n\t\t\t\t\t\r\n\t\t\t\t\t\tK\u0131z\u0131l\u0131rmak, 06510 \u00c7ankaya\/Ankara, T\u00fcrkiye\r\n\t\t\t\t\t\r\n\t\t\t\t\t<\/h2>\r\n\t\t\t\t\t<\/div>\r\n<\/div>\r\n<div class=\"pbmit-ihbox-contents\">\r\n\t\t<\/div><\/div>\t\t<\/div>\n\t\t\t\t<\/div>\n\t\t\t\t\t<\/div>\n\t\t<\/div>\n\t\t\t\t<div class=\"elementor-column elementor-col-33 elementor-top-column elementor-element elementor-element-0ee4055 pbmit-bg-color-over-image\" data-id=\"0ee4055\" data-element_type=\"column\">\n\t\t\t<div class=\"elementor-widget-wrap elementor-element-populated\">\n\t\t\t\t\t\t\t\t<div class=\"elementor-element elementor-element-de30029 elementor-widget elementor-widget-pbmit_icon_heading\" data-id=\"de30029\" data-element_type=\"widget\" data-widget_type=\"pbmit_icon_heading.default\">\n\t\t\t\t<div class=\"elementor-widget-container\">\n\t\t\t<div class=\"pbmit-ihbox pbmit-ihbox-style-8\"><div class=\"pbmit-ihbox-title\">\r\n\t<div class=\"pbmit-ihbox-box\">\r\n\t\t<div class=\"pbmit-ihbox-icon\"><div class=\"pbmit-ihbox-icon-wrapper\"><div class=\"pbmit-icon-wrapper pbmit-icon-type-icon\"><i class=\"pbmit-docmet-icon pbmit-docmet-icon-envelope\"><\/i><\/div><\/div><\/div>\t\t\t<\/div>\r\n\t<div class=\"pbmit-ihbox-titlebox\">\r\n\t\t<h4 class=\"pbmit-element-heading\">\r\n\t\t\t\t\t\r\n\t\t\t\t\t\tE MAIL\r\n\t\t\t\t\t\r\n\t\t\t\t\t<\/h4>\r\n\t\t\t\t\t\t<h2 class=\"pbmit-element-title\">\r\n\t\t\t\t\t<a href=\"mailto:iletisim@drburakakan.com\"><span class=\"pbmit-button-wrapper\"><span class=\"pbmit-button-text\">\r\n\t\t\t\t\t\tiletisim@drburakakan.com\r\n\t\t\t\t\t<\/span><\/span><\/a>\r\n\t\t\t\t\t<\/h2>\r\n\t\t\t\t\t<\/div>\r\n<\/div>\r\n<div class=\"pbmit-ihbox-contents\">\r\n\t\t<\/div><\/div>\t\t<\/div>\n\t\t\t\t<\/div>\n\t\t\t\t\t<\/div>\n\t\t<\/div>\n\t\t\t\t<div class=\"elementor-column elementor-col-33 elementor-top-column elementor-element elementor-element-4626cd2 pbmit-bg-color-over-image\" data-id=\"4626cd2\" data-element_type=\"column\">\n\t\t\t<div class=\"elementor-widget-wrap elementor-element-populated\">\n\t\t\t\t\t\t\t\t<div class=\"elementor-element elementor-element-1ddaef0 elementor-widget elementor-widget-pbmit_icon_heading\" data-id=\"1ddaef0\" data-element_type=\"widget\" data-widget_type=\"pbmit_icon_heading.default\">\n\t\t\t\t<div class=\"elementor-widget-container\">\n\t\t\t<div class=\"pbmit-ihbox pbmit-ihbox-style-8\"><div class=\"pbmit-ihbox-title\">\r\n\t<div class=\"pbmit-ihbox-box\">\r\n\t\t<div class=\"pbmit-ihbox-icon\"><div class=\"pbmit-ihbox-icon-wrapper\"><div class=\"pbmit-icon-wrapper pbmit-icon-type-icon\"><i class=\"pbmit-docmet-icon pbmit-docmet-icon-call\"><\/i><\/div><\/div><\/div>\t\t\t<\/div>\r\n\t<div class=\"pbmit-ihbox-titlebox\">\r\n\t\t<h4 class=\"pbmit-element-heading\">\r\n\t\t\t\t\t\r\n\t\t\t\t\t\tTELEFON\r\n\t\t\t\t\t\r\n\t\t\t\t\t<\/h4>\r\n\t\t\t\t\t\t<h2 class=\"pbmit-element-title\">\r\n\t\t\t\t\t<a href=\"tel:+905524607717\"><span class=\"pbmit-button-wrapper\"><span class=\"pbmit-button-text\">\r\n\t\t\t\t\t\t+90 552 460 77 17\r\n\t\t\t\t\t<\/span><\/span><\/a>\r\n\t\t\t\t\t<\/h2>\r\n\t\t\t\t\t<\/div>\r\n<\/div>\r\n<div class=\"pbmit-ihbox-contents\">\r\n\t\t<\/div><\/div>\t\t<\/div>\n\t\t\t\t<\/div>\n\t\t\t\t\t<\/div>\n\t\t<\/div>\n\t\t\t\t\t\t\t<\/div>\n\t\t<\/section>\n\t\t\t\t<div class=\"elementor-section elementor-top-section elementor-element elementor-element-32442720 elementor-section-stretched pbmit-col-stretched-none pbmit-cursor-color-blackish-color pbmit-bg-color-over-image elementor-section-boxed elementor-section-height-default elementor-section-height-default\" data-id=\"32442720\" data-element_type=\"section\" data-settings=\"{&quot;stretch_section&quot;:&quot;section-stretched&quot;}\">\n\t\t\t\t\t\t<div class=\"elementor-container elementor-column-gap-no\">\n\t\t\t\t\t<div class=\"elementor-column elementor-col-100 elementor-top-column elementor-element elementor-element-40487423 pbmit-bg-color-over-image\" data-id=\"40487423\" data-element_type=\"column\">\n\t\t\t<div class=\"elementor-widget-wrap elementor-element-populated\">\n\t\t\t\t\t\t\t\t<div class=\"elementor-element elementor-element-60a6f8e elementor-widget elementor-widget-google_maps\" data-id=\"60a6f8e\" data-element_type=\"widget\" data-widget_type=\"google_maps.default\">\n\t\t\t\t<div class=\"elementor-widget-container\">\n\t\t\t<style>\/*! elementor - v3.18.0 - 08-12-2023 *\/\n.elementor-widget-google_maps .elementor-widget-container{overflow:hidden}.elementor-widget-google_maps .elementor-custom-embed{line-height:0}.elementor-widget-google_maps iframe{height:300px}<\/style>\t\t<div class=\"elementor-custom-embed\">\n\t\t\t<iframe loading=\"lazy\"\n\t\t\t\t\tsrc=\"https:\/\/maps.google.com\/maps?q=Next%20Level%20Loft%20Ofis&#038;t=m&#038;z=16&#038;output=embed&#038;iwloc=near\"\n\t\t\t\t\ttitle=\"Next Level Loft Ofis\"\n\t\t\t\t\taria-label=\"Next Level Loft Ofis\"\n\t\t\t><\/iframe>\n\t\t<\/div>\n\t\t\t\t<\/div>\n\t\t\t\t<\/div>\n\t\t\t\t\t<\/div>\n\t\t<\/div>\n\t\t\t\t\t\t\t<\/div>\n\t\t<\/div>\n\t\t\t\t<section class=\"elementor-section elementor-top-section elementor-element elementor-element-6a86fd6e pbmit-col-stretched-none pbmit-cursor-color-blackish-color pbmit-bg-color-over-image elementor-section-boxed elementor-section-height-default elementor-section-height-default\" data-id=\"6a86fd6e\" data-element_type=\"section\">\n\t\t\t\t\t\t<div class=\"elementor-container elementor-column-gap-no\">\n\t\t\t\t\t<div class=\"elementor-column elementor-col-50 elementor-top-column elementor-element elementor-element-634a35e1 pbmit-bg-color-over-image\" data-id=\"634a35e1\" data-element_type=\"column\">\n\t\t\t<div class=\"elementor-widget-wrap elementor-element-populated\">\n\t\t\t\t\t\t\t\t<div class=\"elementor-element elementor-element-3bf619a elementor-widget elementor-widget-pbmit_icon_heading\" data-id=\"3bf619a\" data-element_type=\"widget\" data-widget_type=\"pbmit_icon_heading.default\">\n\t\t\t\t<div class=\"elementor-widget-container\">\n\t\t\t<div class=\"pbmit-ihbox pbmit-ihbox-style-8\"><div class=\"pbmit-ihbox-title\">\r\n\t<div class=\"pbmit-ihbox-box\">\r\n\t\t<div class=\"pbmit-ihbox-icon\"><div class=\"pbmit-ihbox-icon-wrapper\"><div class=\"pbmit-icon-wrapper pbmit-icon-type-icon\"><i class=\"pbmit-docmet-icon pbmit-docmet-icon-pin\"><\/i><\/div><\/div><\/div>\t\t\t<\/div>\r\n\t<div class=\"pbmit-ihbox-titlebox\">\r\n\t\t<h4 class=\"pbmit-element-heading\">\r\n\t\t\t\t\t\r\n\t\t\t\t\t\tAc\u0131badem Ata\u015fehir Hastanesi\r\n\t\t\t\t\t\r\n\t\t\t\t\t<\/h4>\r\n\t\t\t\t\t\t<h2 class=\"pbmit-element-title\">\r\n\t\t\t\t\t\r\n\t\t\t\t\t\tAtat\u00fcrk, Turgut \u00d6zal Blv. No : 11, 34758 Ata\u015fehir\/\u0130stanbul, T\u00fcrkiye\r\n\t\t\t\t\t\r\n\t\t\t\t\t<\/h2>\r\n\t\t\t\t\t<\/div>\r\n<\/div>\r\n<div class=\"pbmit-ihbox-contents\">\r\n\t\t<\/div><\/div>\t\t<\/div>\n\t\t\t\t<\/div>\n\t\t\t\t\t<\/div>\n\t\t<\/div>\n\t\t\t\t<div class=\"elementor-column elementor-col-50 elementor-top-column elementor-element elementor-element-3d1c77f3 pbmit-bg-color-over-image\" data-id=\"3d1c77f3\" data-element_type=\"column\">\n\t\t\t<div class=\"elementor-widget-wrap elementor-element-populated\">\n\t\t\t\t\t\t\t\t<div class=\"elementor-element elementor-element-9df39cb elementor-widget elementor-widget-pbmit_icon_heading\" data-id=\"9df39cb\" data-element_type=\"widget\" data-widget_type=\"pbmit_icon_heading.default\">\n\t\t\t\t<div class=\"elementor-widget-container\">\n\t\t\t<div class=\"pbmit-ihbox pbmit-ihbox-style-8\"><div class=\"pbmit-ihbox-title\">\r\n\t<div class=\"pbmit-ihbox-box\">\r\n\t\t<div class=\"pbmit-ihbox-icon\"><div class=\"pbmit-ihbox-icon-wrapper\"><div class=\"pbmit-icon-wrapper pbmit-icon-type-icon\"><i class=\"pbmit-docmet-icon pbmit-docmet-icon-call\"><\/i><\/div><\/div><\/div>\t\t\t<\/div>\r\n\t<div class=\"pbmit-ihbox-titlebox\">\r\n\t\t<h4 class=\"pbmit-element-heading\">\r\n\t\t\t\t\t\r\n\t\t\t\t\t\tTELEFON\r\n\t\t\t\t\t\r\n\t\t\t\t\t<\/h4>\r\n\t\t\t\t\t\t<h2 class=\"pbmit-element-title\">\r\n\t\t\t\t\t<a href=\"tel:902165124444\"><span class=\"pbmit-button-wrapper\"><span class=\"pbmit-button-text\">\r\n\t\t\t\t\t\t+90 216 512 44 44\r\n\t\t\t\t\t<\/span><\/span><\/a>\r\n\t\t\t\t\t<\/h2>\r\n\t\t\t\t\t<\/div>\r\n<\/div>\r\n<div class=\"pbmit-ihbox-contents\">\r\n\t\t<\/div><\/div>\t\t<\/div>\n\t\t\t\t<\/div>\n\t\t\t\t\t<\/div>\n\t\t<\/div>\n\t\t\t\t\t\t\t<\/div>\n\t\t<\/section>\n\t\t\t\t<div class=\"elementor-section elementor-top-section elementor-element elementor-element-80a3a1d elementor-section-stretched pbmit-col-stretched-none pbmit-cursor-color-blackish-color pbmit-bg-color-over-image elementor-section-boxed elementor-section-height-default elementor-section-height-default\" data-id=\"80a3a1d\" data-element_type=\"section\" data-settings=\"{&quot;stretch_section&quot;:&quot;section-stretched&quot;}\">\n\t\t\t\t\t\t<div class=\"elementor-container elementor-column-gap-no\">\n\t\t\t\t\t<div class=\"elementor-column elementor-col-100 elementor-top-column elementor-element elementor-element-5b3c351 pbmit-bg-color-over-image\" data-id=\"5b3c351\" data-element_type=\"column\">\n\t\t\t<div class=\"elementor-widget-wrap elementor-element-populated\">\n\t\t\t\t\t\t\t\t<div class=\"elementor-element elementor-element-f62ed85 elementor-widget elementor-widget-google_maps\" data-id=\"f62ed85\" data-element_type=\"widget\" data-widget_type=\"google_maps.default\">\n\t\t\t\t<div class=\"elementor-widget-container\">\n\t\t\t\t\t<div class=\"elementor-custom-embed\">\n\t\t\t<iframe loading=\"lazy\"\n\t\t\t\t\tsrc=\"https:\/\/maps.google.com\/maps?q=Ac%C4%B1badem%20Ata%C5%9Fehir%20Hastanesi&#038;t=m&#038;z=14&#038;output=embed&#038;iwloc=near\"\n\t\t\t\t\ttitle=\"Ac\u0131badem Ata\u015fehir Hastanesi\"\n\t\t\t\t\taria-label=\"Ac\u0131badem Ata\u015fehir Hastanesi\"\n\t\t\t><\/iframe>\n\t\t<\/div>\n\t\t\t\t<\/div>\n\t\t\t\t<\/div>\n\t\t\t\t\t<\/div>\n\t\t<\/div>\n\t\t\t\t\t\t\t<\/div>\n\t\t<\/div>\n\t\t\t\t\t\t\t<\/div>\n\t\t","protected":false},"excerpt":{"rendered":"<p>\u0130leti\u015fime ge\u00e7mek i\u00e7in, l\u00fctfen formu doldurun. \u00d6zel hastalar\u0131m\u0131z, uluslararas\u0131 kurulu\u015flar ve kurumsal firmalar, profesyonel ve g\u00fcvenilir hizmet anlay\u0131\u015f\u0131m\u0131zla g\u00fcven i\u00e7inde ili\u015fkilerini s\u00fcrd\u00fcrmektedirler. \u00c7al\u0131\u015fma Saatleri Pazartesi:09:00am &#8211; 19:00pm Sal\u0131:09:00am &#8211; 19:00pm \u00c7ar\u015famba:09:00am &#8211; 19:00pm Per\u015fembe :09:00am &#8211; 19:00pm Cuma:09:00am &#8211; 19:00pm Cumartesi:09:00am &#8211; 19:00pm Pazar:Closed Acil Durumlarda +90 505 502 53 27 ADRES K\u0131z\u0131l\u0131rmak, 06510 \u00c7ankaya\/Ankara, [&hellip;]<\/p>\n","protected":false},"author":1,"featured_media":0,"parent":0,"menu_order":38,"comment_status":"closed","ping_status":"closed","template":"","meta":{"inline_featured_image":false,"footnotes":""},"class_list":["post-345","page","type-page","status-publish","hentry"],"acf":[],"_links":{"self":[{"href":"https:\/\/www.drburakakan.com\/tr\/wp-json\/wp\/v2\/pages\/345","targetHints":{"allow":["GET"]}}],"collection":[{"href":"https:\/\/www.drburakakan.com\/tr\/wp-json\/wp\/v2\/pages"}],"about":[{"href":"https:\/\/www.drburakakan.com\/tr\/wp-json\/wp\/v2\/types\/page"}],"author":[{"embeddable":true,"href":"https:\/\/www.drburakakan.com\/tr\/wp-json\/wp\/v2\/users\/1"}],"replies":[{"embeddable":true,"href":"https:\/\/www.drburakakan.com\/tr\/wp-json\/wp\/v2\/comments?post=345"}],"version-history":[{"count":23,"href":"https:\/\/www.drburakakan.com\/tr\/wp-json\/wp\/v2\/pages\/345\/revisions"}],"predecessor-version":[{"id":1062,"href":"https:\/\/www.drburakakan.com\/tr\/wp-json\/wp\/v2\/pages\/345\/revisions\/1062"}],"wp:attachment":[{"href":"https:\/\/www.drburakakan.com\/tr\/wp-json\/wp\/v2\/media?parent=345"}],"curies":[{"name":"wp","href":"https:\/\/api.w.org\/{rel}","templated":true}]}}